{"id":849,"date":"2025-09-11T15:23:19","date_gmt":"2025-09-11T15:23:19","guid":{"rendered":"https:\/\/perfimur.com\/web\/?page_id=849"},"modified":"2025-09-11T15:24:22","modified_gmt":"2025-09-11T15:24:22","slug":"aviso-legal","status":"publish","type":"page","link":"https:\/\/perfimur.com\/web\/aviso-legal\/","title":{"rendered":"Aviso Legal"},"content":{"rendered":"<p>[et_pb_section fb_built=\u00bb1&#8243; theme_builder_area=\u00bbpost_content\u00bb _builder_version=\u00bb4.21.0&#8243; _module_preset=\u00bbdefault\u00bb hover_enabled=\u00bb0&#8243; sticky_enabled=\u00bb0&#8243;][et_pb_row _builder_version=\u00bb4.21.0&#8243; _module_preset=\u00bbdefault\u00bb theme_builder_area=\u00bbpost_content\u00bb][et_pb_column _builder_version=\u00bb4.21.0&#8243; _module_preset=\u00bbdefault\u00bb type=\u00bb4_4&#8243; theme_builder_area=\u00bbpost_content\u00bb][et_pb_text _builder_version=\u00bb4.21.0&#8243; _module_preset=\u00bbdefault\u00bb theme_builder_area=\u00bbpost_content\u00bb hover_enabled=\u00bb0&#8243; sticky_enabled=\u00bb0&#8243;]<\/p>\n<h1><span>AVISO LEGAL<\/span><\/h1>\n<p style=\"font-weight: 400;\"><span>Por favor, lea todos los apartados del presente Aviso Legal antes de utilizar este sitio web. Las siguientes condiciones son vinculantes para cualquier usuario del mismo. <\/span><\/p>\n<p style=\"font-weight: 400;\"><span>En cumplimiento con el deber de informaci\u00f3n dispuesto en la Ley 34\/2002 de Servicios de la Sociedad de la Informaci\u00f3n y el Comercio Electr\u00f3nico (LSSI-CE) de 11 de julio, se facilitan a continuaci\u00f3n los siguientes datos de informaci\u00f3n general de este sitio web.<\/span><\/p>\n<p style=\"font-weight: 400;\"><span>La raz\u00f3n de este texto es explicarle de manera detallada las funcionalidades de esta web y aportarle aquella informaci\u00f3n relacionada con el titular de la web y la finalidad de los contenidos incluidos en ella.<\/span><\/p>\n<h2><span>DATOS IDENTIFICACI\u00d3N<\/span><\/h2>\n<p style=\"font-weight: 400;\"><span>El presente Aviso Legal regula el uso del servicio del sitio web\u00a0 inform\u00e1ndole en cumplimiento de la Ley 34\/2002, de 11 de julio, de Servicios de la Sociedad de la Informaci\u00f3n y de Comercio Electr\u00f3nico, de los siguientes extremos:<\/span><\/p>\n<p style=\"font-weight: 400;\"><strong><span>Denominaci\u00f3n social:<\/span><\/strong><span> PERFILES MURCIA, S.A.<\/span><\/p>\n<p style=\"font-weight: 400;\"><strong><span>Domicilio Social:<\/span><\/strong><span> POL. IND. CAMINO DE LOS PINOS, S\/N., <\/span>30565, TORRES DE COTILLAS (LAS), MURCIA<\/p>\n<p style=\"font-weight: 400;\"><strong><span>Correo Electr\u00f3nico:<\/span><\/strong><span> info@perfimur.es<\/span><\/p>\n<p style=\"font-weight: 400;\"><strong><span>Tel\u00e9fono de contacto:<\/span><\/strong><span> 968628312<\/span><\/p>\n<p style=\"font-weight: 400;\"><strong><span>C\u00f3digo de Identificaci\u00f3n Fiscal (CIF):<\/span><\/strong><span> A30154900<\/span><\/p>\n<p style=\"font-weight: 400;\"><strong><span>Datos Registrales: <\/span><\/strong><span>inscrita en el Registro Mercantil de Murcia<\/span> libro 469, secci\u00f3n 23\u00ba, folio 198, hoja 8.309 inscripci\u00f3n 1<\/p>\n<h2><span>USO DEL SITIO WEB Y OBLIGACIONES DE LOS USUARIOS. <\/span><\/h2>\n<p style=\"font-weight: 400;\"><span>El usuario se compromete a utilizar el sitio web, el contenido y servicios, sin contravenir la legislaci\u00f3n vigente, los usos generalmente aceptados y el orden p\u00fablico. Queda prohibido el uso del sitio web con fines il\u00edcitos o lesivos contra PERFILES MURCIA, S.A. o un tercero, que, de cualquier forma, puedan causar perjuicio o impedir el normal uso del sitio web.<\/span><\/p>\n<p style=\"font-weight: 400;\"><span>PERFILES MURCIA, S.A. garantiza que los contenidos y servicios que ofrece el portal respetan el principio de dignidad de la persona, de protecci\u00f3n de la juventud y la infancia, de no-discriminaci\u00f3n por motivos de raza, sexo, religi\u00f3n, opini\u00f3n, nacionalidad, discapacidad o cualquier otro aspecto personal y social.<\/span><\/p>\n<p style=\"font-weight: 400;\"><span>Las presentes Condiciones Generales de Uso del sitio web no confieren al usuario ning\u00fan otro derecho de uso, alteraci\u00f3n, explotaci\u00f3n, reproducci\u00f3n, distribuci\u00f3n o comunicaci\u00f3n p\u00fablica de los contenidos del sitio web distintos de los aqu\u00ed expresamente previstos. <\/span><\/p>\n<p style=\"font-weight: 400;\"><span>Los contenidos (informaci\u00f3n, archivos de sonido y\/o imagen, fotograf\u00edas, dise\u00f1os, etc.) recogidos en el portal, son propiedad de PERFILES MURCIA, S.A. o la misma se encuentra debidamente autorizada para su difusi\u00f3n por sus leg\u00edtimos titulares.<\/span><\/p>\n<p style=\"font-weight: 400;\"><span>PERFILES MURCIA, S.A. se compromete a no realizar publicidad enga\u00f1osa y, por tanto, queda prohibido:<\/span><\/p>\n<ul>\n<li><span>El uso para todo tipo de fines comerciales o publicitarios, distintos de los estrictamente permitidos.<\/span><\/li>\n<li><span>Su reproducci\u00f3n, publicaci\u00f3n, distribuci\u00f3n o modificaci\u00f3n, total o parcial a menos que se cuente con la autorizaci\u00f3n previa y por escrito de sus leg\u00edtimos titulares o resulte legalmente permitido.<\/span><\/li>\n<li><span>Cualquier vulneraci\u00f3n de los derechos de PERFILES MURCIA, S.A. o de sus leg\u00edtimos titulares sobre los mismos.<\/span><\/li>\n<\/ul>\n<h2><span>PROPIEDAD INTELECTUAL E INDUSTRIAL<\/span><\/h2>\n<p style=\"font-weight: 400;\"><span>El usuario reconoce y acepta que todos los derechos de propiedad industrial e intelectual sobre los contenidos y\/o cualesquiera otros elementos insertados en el sitio web pertenecen a PERFILES MURCIA, S.A. o la misma se encuentra debidamente autorizada para su difusi\u00f3n en el presente sitio web.<\/span><\/p>\n<p style=\"font-weight: 400;\"><span>En el caso de que un usuario o un tercero consideren que se ha producido una violaci\u00f3n de sus leg\u00edtimos derechos de propiedad intelectual por la introducci\u00f3n de un determinado contenido en el sitio web, deber\u00e1 notificar dicha circunstancia a PERFILES MURCIA, S.A. indicando:<\/span><\/p>\n<ul>\n<li><span>Datos del titular de los derechos presuntamente infringidos, o indicar la representaci\u00f3n con la que act\u00faa en caso de que la reclamaci\u00f3n la presente un tercero distinto del interesado.<\/span><\/li>\n<li><span>Se\u00f1alar los contenidos protegidos por los derechos de propiedad intelectual y su ubicaci\u00f3n en el Web, la acreditaci\u00f3n de los derechos de propiedad intelectual se\u00f1alados y declaraci\u00f3n expresa en la que el interesado se responsabiliza de la veracidad de las informaciones facilitadas en la notificaci\u00f3n.<\/span><\/li>\n<\/ul>\n<h2><span>ENLACES <\/span><\/h2>\n<p style=\"font-weight: 400;\"><span>El presente sitio web proporciona enlaces a otros sitios web propios y contenidos que son propiedad de terceros. <\/span><\/p>\n<p style=\"font-weight: 400;\"><span>El \u00fanico objeto de los enlaces es proporcionar al usuario la posibilidad de acceder a dichos enlaces. PERFILES MURCIA, S.A. no se responsabiliza en ning\u00fan caso de los resultados que puedan derivarse al usuario por el acceso a dichos enlaces.<\/span><\/p>\n<p style=\"font-weight: 400;\"><span>El usuario que se proponga establecer cualquier dispositivo t\u00e9cnico de enlace desde su sitio web al portal deber\u00e1 obtener la autorizaci\u00f3n previa y escrita de PERFILES MURCIA, S.A.. El establecimiento del enlace no implica en ning\u00fan caso la existencia de relaciones entre PERFILES MURCIA, S.A. y el propietario del sitio en el que se establezca el enlace, ni la aceptaci\u00f3n o aprobaci\u00f3n por parte de PERFILES MURCIA, S.A. de sus contenidos o servicios.<\/span><\/p>\n<p style=\"font-weight: 400;\"><span>El sitio web en el que se establezca el enlace no contendr\u00e1 ninguna marca, denominaci\u00f3n, logotipo, eslogan u otros signos distintivos pertenecientes a PERFILES MURCIA, S.A., salvo los expresamente autorizados.<\/span><\/p>\n<h2><span>MODIFICACI\u00d3N UNILATERAL Y DURACI\u00d3N <\/span><\/h2>\n<p style=\"font-weight: 400;\"><span>PERFILES MURCIA, S.A. se reserva el derecho de modificar, en cualquier momento y sin necesidad de previo aviso, la presentaci\u00f3n y configuraci\u00f3n del sitio web, as\u00ed como el presente Aviso Legal.<\/span><\/p>\n<p style=\"font-weight: 400;\"><b><span>EXCLUSI\u00d3N DE GARANT\u00cdAS Y RESPONSABILIDAD<\/span><\/b><\/p>\n<p style=\"font-weight: 400;\"><span>PERFILES MURCIA, S.A. no otorga ninguna garant\u00eda ni se hace responsable, en ning\u00fan caso, de los da\u00f1os y perjuicios de cualquier naturaleza que pudieran acarrear a causa de:<\/span><\/p>\n<ul>\n<li><span>La falta disponibilidad, mantenimiento y efectivo funcionamiento del Web y\/o de sus servicios o contenidos.<\/span><\/li>\n<li><span>La existencia de virus, programas maliciosos o lesivos en los contenidos.<\/span><\/li>\n<li><span>El uso il\u00edcito, negligente, fraudulento, contrario a las presentes condiciones, a la buena fe, a los usos generalmente aceptados o al orden p\u00fablico, del sitio Web, sus servicios o contenidos, por parte de los usuarios.<\/span><\/li>\n<\/ul>\n<h2><span>TRATAMIENTO DE DATOS PERSONALES <\/span><\/h2>\n<p style=\"font-weight: 400;\"><span>PERFILES MURCIA, S.A. tal y como recoge en su \u201cPOL\u00cdTICA DE PRIVACIDAD\u201d que puede consultar en este sitio web, ha adoptado los niveles de seguridad adecuados a los datos que trata y gestiona, incorporando todos los medios y medidas t\u00e9cnicas a su alcance para garantizar su confidencialidad, evitar su mal uso, p\u00e9rdida, alteraci\u00f3n, acceso no autorizado y robo.<\/span><\/p>\n<h2><span>LEGISLACI\u00d3N APLICABLE Y JURISDICCI\u00d3N <\/span><\/h2>\n<p style=\"font-weight: 400;\">Para la resoluci\u00f3n de todas las controversias o cuestiones relacionadas con el presente sitio web o de las actividades en \u00e9l desarrolladas, ser\u00e1 de aplicaci\u00f3n la legislaci\u00f3n espa\u00f1ola, a la que se someten expresamente las partes, siendo competentes para la resoluci\u00f3n de todos los conflictos derivados o relacionados con su uso, los Juzgados y Tribunales del domicilio del demandante que se identifique como consumidor, en caso contrario los Juzgados y Tribunales competentes ser\u00e1n los de la ciudad de MURCIA (Espa\u00f1a)<\/p>\n<h2><span>CONTACTO <\/span><\/h2>\n<p style=\"font-weight: 400;\"><span>En caso de que cualquier usuario tuviese alguna duda acerca del presente aviso legal o cualquier comentario sobre el mismo puede dirigirse a info@perfimur.es o enviar una comunicaci\u00f3n escrita a la direcci\u00f3n que consta en el encabezado.<\/span><\/p>\n<p>[\/et_pb_text][\/et_pb_column][\/et_pb_row][\/et_pb_section]<\/p>\n","protected":false},"excerpt":{"rendered":"<p>AVISO LEGAL Por favor, lea todos los apartados del presente Aviso Legal antes de utilizar este sitio web. Las siguientes condiciones son vinculantes para cualquier usuario del mismo. En cumplimiento con el deber de informaci\u00f3n dispuesto en la Ley 34\/2002 de Servicios de la Sociedad de la Informaci\u00f3n y el Comercio Electr\u00f3nico (LSSI-CE) de 11 [&hellip;]<\/p>\n","protected":false},"author":1,"featured_media":0,"parent":0,"menu_order":0,"comment_status":"closed","ping_status":"closed","template":"","meta":{"_et_pb_use_builder":"on","_et_pb_old_content":"","_et_gb_content_width":"","footnotes":""},"class_list":["post-849","page","type-page","status-publish","hentry"],"yoast_head":"<!-- This site is optimized with the Yoast SEO plugin v26.2 - https:\/\/yoast.com\/wordpress\/plugins\/seo\/ -->\n<title>Aviso Legal &#8211; Perfimur<\/title>\n<meta name=\"robots\" content=\"index, follow, max-snippet:-1, max-image-preview:large, max-video-preview:-1\" \/>\n<link rel=\"canonical\" href=\"https:\/\/perfimur.com\/web\/aviso-legal\/\" \/>\n<meta property=\"og:locale\" content=\"es_ES\" \/>\n<meta property=\"og:type\" content=\"article\" \/>\n<meta property=\"og:title\" content=\"Aviso Legal &#8211; Perfimur\" \/>\n<meta property=\"og:description\" content=\"AVISO LEGAL Por favor, lea todos los apartados del presente Aviso Legal antes de utilizar este sitio web. Las siguientes condiciones son vinculantes para cualquier usuario del mismo. En cumplimiento con el deber de informaci\u00f3n dispuesto en la Ley 34\/2002 de Servicios de la Sociedad de la Informaci\u00f3n y el Comercio Electr\u00f3nico (LSSI-CE) de 11 [&hellip;]\" \/>\n<meta property=\"og:url\" content=\"https:\/\/perfimur.com\/web\/aviso-legal\/\" \/>\n<meta property=\"og:site_name\" content=\"Perfimur\" \/>\n<meta property=\"article:modified_time\" content=\"2025-09-11T15:24:22+00:00\" \/>\n<meta name=\"twitter:card\" content=\"summary_large_image\" \/>\n<script type=\"application\/ld+json\" class=\"yoast-schema-graph\">{\"@context\":\"https:\/\/schema.org\",\"@graph\":[{\"@type\":\"WebPage\",\"@id\":\"https:\/\/perfimur.com\/web\/aviso-legal\/\",\"url\":\"https:\/\/perfimur.com\/web\/aviso-legal\/\",\"name\":\"Aviso Legal &#8211; Perfimur\",\"isPartOf\":{\"@id\":\"https:\/\/perfimur.com\/web\/#website\"},\"datePublished\":\"2025-09-11T15:23:19+00:00\",\"dateModified\":\"2025-09-11T15:24:22+00:00\",\"breadcrumb\":{\"@id\":\"https:\/\/perfimur.com\/web\/aviso-legal\/#breadcrumb\"},\"inLanguage\":\"es\",\"potentialAction\":[{\"@type\":\"ReadAction\",\"target\":[\"https:\/\/perfimur.com\/web\/aviso-legal\/\"]}]},{\"@type\":\"BreadcrumbList\",\"@id\":\"https:\/\/perfimur.com\/web\/aviso-legal\/#breadcrumb\",\"itemListElement\":[{\"@type\":\"ListItem\",\"position\":1,\"name\":\"Portada\",\"item\":\"https:\/\/perfimur.com\/web\/\"},{\"@type\":\"ListItem\",\"position\":2,\"name\":\"Aviso Legal\"}]},{\"@type\":\"WebSite\",\"@id\":\"https:\/\/perfimur.com\/web\/#website\",\"url\":\"https:\/\/perfimur.com\/web\/\",\"name\":\"Perfimur\",\"description\":\"Perfiles Murcia\",\"potentialAction\":[{\"@type\":\"SearchAction\",\"target\":{\"@type\":\"EntryPoint\",\"urlTemplate\":\"https:\/\/perfimur.com\/web\/?s={search_term_string}\"},\"query-input\":{\"@type\":\"PropertyValueSpecification\",\"valueRequired\":true,\"valueName\":\"search_term_string\"}}],\"inLanguage\":\"es\"}]}<\/script>\n<!-- \/ Yoast SEO plugin. -->","yoast_head_json":{"title":"Aviso Legal &#8211; Perfimur","robots":{"index":"index","follow":"follow","max-snippet":"max-snippet:-1","max-image-preview":"max-image-preview:large","max-video-preview":"max-video-preview:-1"},"canonical":"https:\/\/perfimur.com\/web\/aviso-legal\/","og_locale":"es_ES","og_type":"article","og_title":"Aviso Legal &#8211; Perfimur","og_description":"AVISO LEGAL Por favor, lea todos los apartados del presente Aviso Legal antes de utilizar este sitio web. Las siguientes condiciones son vinculantes para cualquier usuario del mismo. En cumplimiento con el deber de informaci\u00f3n dispuesto en la Ley 34\/2002 de Servicios de la Sociedad de la Informaci\u00f3n y el Comercio Electr\u00f3nico (LSSI-CE) de 11 [&hellip;]","og_url":"https:\/\/perfimur.com\/web\/aviso-legal\/","og_site_name":"Perfimur","article_modified_time":"2025-09-11T15:24:22+00:00","twitter_card":"summary_large_image","schema":{"@context":"https:\/\/schema.org","@graph":[{"@type":"WebPage","@id":"https:\/\/perfimur.com\/web\/aviso-legal\/","url":"https:\/\/perfimur.com\/web\/aviso-legal\/","name":"Aviso Legal &#8211; Perfimur","isPartOf":{"@id":"https:\/\/perfimur.com\/web\/#website"},"datePublished":"2025-09-11T15:23:19+00:00","dateModified":"2025-09-11T15:24:22+00:00","breadcrumb":{"@id":"https:\/\/perfimur.com\/web\/aviso-legal\/#breadcrumb"},"inLanguage":"es","potentialAction":[{"@type":"ReadAction","target":["https:\/\/perfimur.com\/web\/aviso-legal\/"]}]},{"@type":"BreadcrumbList","@id":"https:\/\/perfimur.com\/web\/aviso-legal\/#breadcrumb","itemListElement":[{"@type":"ListItem","position":1,"name":"Portada","item":"https:\/\/perfimur.com\/web\/"},{"@type":"ListItem","position":2,"name":"Aviso Legal"}]},{"@type":"WebSite","@id":"https:\/\/perfimur.com\/web\/#website","url":"https:\/\/perfimur.com\/web\/","name":"Perfimur","description":"Perfiles Murcia","potentialAction":[{"@type":"SearchAction","target":{"@type":"EntryPoint","urlTemplate":"https:\/\/perfimur.com\/web\/?s={search_term_string}"},"query-input":{"@type":"PropertyValueSpecification","valueRequired":true,"valueName":"search_term_string"}}],"inLanguage":"es"}]}},"_links":{"self":[{"href":"https:\/\/perfimur.com\/web\/wp-json\/wp\/v2\/pages\/849","targetHints":{"allow":["GET"]}}],"collection":[{"href":"https:\/\/perfimur.com\/web\/wp-json\/wp\/v2\/pages"}],"about":[{"href":"https:\/\/perfimur.com\/web\/wp-json\/wp\/v2\/types\/page"}],"author":[{"embeddable":true,"href":"https:\/\/perfimur.com\/web\/wp-json\/wp\/v2\/users\/1"}],"replies":[{"embeddable":true,"href":"https:\/\/perfimur.com\/web\/wp-json\/wp\/v2\/comments?post=849"}],"version-history":[{"count":4,"href":"https:\/\/perfimur.com\/web\/wp-json\/wp\/v2\/pages\/849\/revisions"}],"predecessor-version":[{"id":854,"href":"https:\/\/perfimur.com\/web\/wp-json\/wp\/v2\/pages\/849\/revisions\/854"}],"wp:attachment":[{"href":"https:\/\/perfimur.com\/web\/wp-json\/wp\/v2\/media?parent=849"}],"curies":[{"name":"wp","href":"https:\/\/api.w.org\/{rel}","templated":true}]}}