{"id":726,"date":"2021-03-29T10:41:16","date_gmt":"2021-03-29T10:41:16","guid":{"rendered":"http:\/\/perfimur.com\/web\/?page_id=726"},"modified":"2021-04-07T17:43:00","modified_gmt":"2021-04-07T17:43:00","slug":"sur-nous","status":"publish","type":"page","link":"https:\/\/perfimur.com\/web\/fr\/sur-nous\/","title":{"rendered":"nous"},"content":{"rendered":"<p>[et_pb_section fb_built=\u00bb1&#8243; _builder_version=\u00bb3.19&#8243; use_background_color_gradient=\u00bbon\u00bb background_color_gradient_start=\u00bb#1c5082&#8243; background_color_gradient_end=\u00bb#006793&#8243; background_color_gradient_direction=\u00bb1deg\u00bb background_image=\u00bbhttps:\/\/perfimur.com\/web\/wp-content\/uploads\/2020\/09\/perf_historia-1.jpg\u00bb parallax=\u00bbon\u00bb parallax_method=\u00bboff\u00bb allow_player_pause=\u00bbon\u00bb custom_padding=\u00bb14px|0|0|0px|false|false\u00bb filter_hue_rotate=\u00bb359deg\u00bb filter_saturate=\u00bb106%\u00bb][et_pb_row custom_padding=\u00bb66px|0px|516px|0px|false|false\u00bb _builder_version=\u00bb3.19&#8243;][et_pb_column type=\u00bb4_4&#8243; _builder_version=\u00bb3.19&#8243; parallax=\u00bboff\u00bb parallax_method=\u00bbon\u00bb][et_pb_text _builder_version=\u00bb3.19&#8243; text_font=\u00bb||||||||\u00bb text_text_color=\u00bb#ffffff\u00bb text_font_size=\u00bb15px\u00bb text_letter_spacing=\u00bb1px\u00bb text_line_height=\u00bb2em\u00bb]&nbsp;<\/p>\n<p><span style=\"font-size: 15px;\">PERFIMUR est situ\u00e9e dans le parc industriel \u00abLos Pinos\u00bb, \u00e0 Las Torres de Cotillas (Murcie). Avec plus de 30.000 m2 d&#8217;installations, elle est aujourd&#8217;hui l&#8217;une des principales entreprises, gr\u00e2ce \u00e0 la qualit\u00e9, la pr\u00e9cision et la comp\u00e9titivit\u00e9 de ses produits utilis\u00e9s dans le secteur de la construction.<\/span><\/p>\n<p><span style=\"font-size: 14px;\">Au cours de sa longue histoire, PERFIMUR a toujours suivi le rythme du d\u00e9veloppement technologique, en adaptant les technologies de pointe pour offrir un meilleur produit en fonction des besoins du client. Ainsi qu&#8217;une recherche constante (R+D) pour le d\u00e9veloppement de nouveaux produits et une diversification \u00e0 la recherche de nouveaux march\u00e9s. Nous essayons toujours d&#8217;obtenir un r\u00e9sultat final de haute qualit\u00e9 et un service conforme \u00e0 nos clients.Au cours de sa longue histoire, PERFIMUR a toujours suivi le rythme du d\u00e9veloppement technologique, en adaptant les technologies de pointe pour offrir un meilleur produit en fonction des besoins du client. Ainsi qu&#8217;une recherche constante (R+D) pour le d\u00e9veloppement de nouveaux produits et une diversification \u00e0 la recherche de nouveaux march\u00e9s. Nous essayons toujours d&#8217;obtenir un r\u00e9sultat final de haute qualit\u00e9 et un service conforme \u00e0 nos clients.<br \/>\n<\/span><\/p>\n<p><span style=\"font-size: 15px;\">La soci\u00e9t\u00e9 a mis en place sa premi\u00e8re ligne de production, d\u00e9di\u00e9e \u00e0 la fabrication de sangles m\u00e9talliques en 1988, ce qui lui a permis d&#8217;\u00e9tablir son premier contact avec ce march\u00e9. C&#8217;est en 1990, avec le montage de sa deuxi\u00e8me ligne, acquise pour la fabrication de t\u00f4le ondul\u00e9e, que l&#8217;entreprise est d\u00e9finitivement int\u00e9gr\u00e9e et atteint ses plus hauts taux de croissance.<\/span><\/p>\n<p><span style=\"font-size: 15px;\">D\u00e9but 2009, PERFIMUR met en service une nouvelle ligne de production continue de panneaux sandwichs isolants, \u00e0 faces m\u00e9talliques et autoportants. Le noyau isolant est compos\u00e9 \u00e0 la fois de polyur\u00e9thane (PUR) et de polyisocyanurate (PIR). <\/span>[\/et_pb_text][\/et_pb_column][\/et_pb_row][\/et_pb_section][et_pb_section fb_built=\u00bb1&#8243; _builder_version=\u00bb3.19&#8243; custom_padding=\u00bb55px|0px|50px|0px|false|false\u00bb animation_style=\u00bbslide\u00bb animation_direction=\u00bbbottom\u00bb][et_pb_row custom_padding=\u00bb27px|0px|16px|0px|false|false\u00bb _builder_version=\u00bb3.19&#8243;][et_pb_column type=\u00bb4_4&#8243; _builder_version=\u00bb3.19&#8243; parallax=\u00bboff\u00bb parallax_method=\u00bbon\u00bb][et_pb_text _builder_version=\u00bb3.19&#8243; text_font=\u00bbArial|600|||||||\u00bb text_text_color=\u00bb#ffffff\u00bb text_font_size=\u00bb25px\u00bb header_font=\u00bbArial|700|||||||\u00bb header_text_color=\u00bb#ffffff\u00bb header_font_size=\u00bb40px\u00bb header_line_height=\u00bb1.5em\u00bb header_2_font=\u00bbArial|||on|||||\u00bb header_2_text_align=\u00bbcenter\u00bb header_2_text_color=\u00bb#0b4684&#8243; border_width_left=\u00bb8px\u00bb border_color_left=\u00bb#ffffff\u00bb custom_margin=\u00bb-5px||10px\u00bb custom_padding=\u00bb0px|0px||15px\u00bb]<\/p>\n<h2 style=\"text-align: center;\">Actualit\u00e9<\/h2>\n<p>[\/et_pb_text][\/et_pb_column][\/et_pb_row][et_pb_row custom_padding=\u00bb0|0px|27px|0px|false|false\u00bb _builder_version=\u00bb3.19&#8243;][et_pb_column type=\u00bb4_4&#8243; _builder_version=\u00bb3.19&#8243; parallax=\u00bboff\u00bb parallax_method=\u00bbon\u00bb][et_pb_post_slider more_text=\u00bbEn savoir plus\u00bb content_source=\u00bbon\u00bb show_meta=\u00bboff\u00bb _builder_version=\u00bb3.19&#8243; header_font=\u00bb||||||||\u00bb header_font_size=\u00bb27px\u00bb body_font=\u00bb||||||||\u00bb body_font_size=\u00bb12px\u00bb meta_font=\u00bb||||||||\u00bb custom_button=\u00bbon\u00bb button_text_size=\u00bb15px\u00bb button_border_radius=\u00bb50px\u00bb button_font=\u00bb||||||||\u00bb max_width=\u00bb70%\u00bb module_alignment=\u00bbcenter\u00bb][\/et_pb_post_slider][\/et_pb_column][\/et_pb_row][et_pb_row _builder_version=\u00bb3.19&#8243;][et_pb_column type=\u00bb4_4&#8243; _builder_version=\u00bb3.19&#8243; parallax=\u00bboff\u00bb parallax_method=\u00bbon\u00bb][et_pb_button button_url=\u00bbhttps:\/\/perfimur.com\/web\/blog\u00bb url_new_window=\u00bbon\u00bb button_text=\u00bbVoir tout\u00bb button_alignment=\u00bbcenter\u00bb _builder_version=\u00bb3.19&#8243; custom_button=\u00bbon\u00bb button_text_size=\u00bb18px\u00bb button_text_color=\u00bb#0b4684&#8243; button_border_radius=\u00bb30px\u00bb button_font=\u00bbArial||||||||\u00bb button_use_icon=\u00bboff\u00bb box_shadow_style=\u00bbpreset3&#8243; box_shadow_blur=\u00bb12px\u00bb box_shadow_spread=\u00bb-12px\u00bb button_bg_color__hover_enabled=\u00bbon\u00bb button_text_color__hover_enabled=\u00bbon\u00bb button_border_color__hover_enabled=\u00bbon\u00bb button_text_color__hover=\u00bb#ffffff\u00bb button_bg_color__hover=\u00bb#0b4684&#8243; button_border_width__hover_enabled=\u00bbon\u00bb button_border_width__hover=\u00bb2px\u00bb button_border_color__hover=\u00bb#0b4684&#8243;][\/et_pb_button][\/et_pb_column][\/et_pb_row][\/et_pb_section][et_pb_section fb_built=\u00bb1&#8243; _builder_version=\u00bb3.19&#8243; global_module=\u00bb88&#8243; saved_tabs=\u00bball\u00bb][et_pb_row _builder_version=\u00bb3.19&#8243;][et_pb_column type=\u00bb1_3&#8243; _builder_version=\u00bb3.19&#8243; parallax=\u00bboff\u00bb parallax_method=\u00bbon\u00bb][et_pb_text _builder_version=\u00bb3.19&#8243; text_font=\u00bbArial||||||||\u00bb text_orientation=\u00bbcenter\u00bb]<\/p>\n<p><strong>CONTACT:<\/strong><\/p>\n<p>968 62 83 12<\/p>\n<p><span style=\"color: #808080;\"><a href=\"mailto:info@perfimur.es\" style=\"color: #808080;\">info@perfimur.es<\/a><\/span><\/p>\n<p><span>Poligono Industial de los pinos, Apdo. de correos 39, 30565. Las Torres de Cotillas<\/span><\/p>\n<p>[\/et_pb_text][\/et_pb_column][et_pb_column type=\u00bb1_3&#8243; _builder_version=\u00bb3.19&#8243; parallax=\u00bboff\u00bb parallax_method=\u00bbon\u00bb][et_pb_text _builder_version=\u00bb3.19&#8243; text_font=\u00bbArial||||||||\u00bb text_orientation=\u00bbcenter\u00bb]<\/p>\n<p><strong>LEGAL:<\/strong><\/p>\n<p><span style=\"color: #3366ff;\"><a href=\"https:\/\/perfimur.com\/web\/politica-de-privacidad\" style=\"color: #3366ff;\">Pol\u00edtica de privaciad.<\/a><\/span><\/p>\n<p><span style=\"color: #3366ff;\"><a http:=\"\" perfimur=\"\" com=\"\" web=\"\" politica-de-cookies=\"\" href=\"https:\/\/perfimur.com\/web\/politica-de-cookies\" style=\"color: #3366ff;\">Pol\u00edtica de cookies.<\/a><\/span><\/p>\n<p>[\/et_pb_text][\/et_pb_column][et_pb_column type=\u00bb1_3&#8243; _builder_version=\u00bb3.19&#8243; parallax=\u00bboff\u00bb parallax_method=\u00bbon\u00bb][et_pb_image src=\u00bbhttps:\/\/perfimur.com\/web\/wp-content\/uploads\/2020\/03\/Icon-logo-Perfimur_Mesa-de-trabajo-1.png\u00bb align=\u00bbcenter\u00bb _builder_version=\u00bb3.19&#8243; max_width=\u00bb40%\u00bb custom_margin=\u00bb-27px||\u00bb][\/et_pb_image][\/et_pb_column][\/et_pb_row][\/et_pb_section]<\/p>\n","protected":false},"excerpt":{"rendered":"<p>&nbsp; PERFIMUR est situ\u00e9e dans le parc industriel \u00abLos Pinos\u00bb, \u00e0 Las Torres de Cotillas (Murcie). Avec plus de 30.000 m2 d&#8217;installations, elle est aujourd&#8217;hui l&#8217;une des principales entreprises, gr\u00e2ce \u00e0 la qualit\u00e9, la pr\u00e9cision et la comp\u00e9titivit\u00e9 de ses produits utilis\u00e9s dans le secteur de la construction. Au cours de sa longue histoire, PERFIMUR [&hellip;]<\/p>\n","protected":false},"author":1,"featured_media":0,"parent":0,"menu_order":0,"comment_status":"closed","ping_status":"closed","template":"","meta":{"_et_pb_use_builder":"on","_et_pb_old_content":"","_et_gb_content_width":"","footnotes":""},"class_list":["post-726","page","type-page","status-publish","hentry"],"yoast_head":"<!-- This site is optimized with the Yoast SEO plugin v26.2 - https:\/\/yoast.com\/wordpress\/plugins\/seo\/ -->\n<title>nous &#8211; Perfimur<\/title>\n<meta name=\"robots\" content=\"index, follow, max-snippet:-1, max-image-preview:large, max-video-preview:-1\" \/>\n<link rel=\"canonical\" href=\"https:\/\/perfimur.com\/web\/fr\/sur-nous\/\" \/>\n<meta property=\"og:locale\" content=\"es_ES\" \/>\n<meta property=\"og:type\" content=\"article\" \/>\n<meta property=\"og:title\" content=\"nous &#8211; Perfimur\" \/>\n<meta property=\"og:description\" content=\"&nbsp; PERFIMUR est situ\u00e9e dans le parc industriel &quot;Los Pinos&quot;, \u00e0 Las Torres de Cotillas (Murcie). Avec plus de 30.000 m2 d&#039;installations, elle est aujourd&#039;hui l&#039;une des principales entreprises, gr\u00e2ce \u00e0 la qualit\u00e9, la pr\u00e9cision et la comp\u00e9titivit\u00e9 de ses produits utilis\u00e9s dans le secteur de la construction. Au cours de sa longue histoire, PERFIMUR [&hellip;]\" \/>\n<meta property=\"og:url\" content=\"https:\/\/perfimur.com\/web\/fr\/sur-nous\/\" \/>\n<meta property=\"og:site_name\" content=\"Perfimur\" \/>\n<meta property=\"article:modified_time\" content=\"2021-04-07T17:43:00+00:00\" \/>\n<meta name=\"twitter:card\" content=\"summary_large_image\" \/>\n<meta name=\"twitter:label1\" content=\"Tiempo de lectura\" \/>\n\t<meta name=\"twitter:data1\" content=\"4 minutos\" \/>\n<script type=\"application\/ld+json\" class=\"yoast-schema-graph\">{\"@context\":\"https:\/\/schema.org\",\"@graph\":[{\"@type\":\"WebPage\",\"@id\":\"https:\/\/perfimur.com\/web\/fr\/sur-nous\/\",\"url\":\"https:\/\/perfimur.com\/web\/fr\/sur-nous\/\",\"name\":\"nous &#8211; Perfimur\",\"isPartOf\":{\"@id\":\"https:\/\/perfimur.com\/web\/#website\"},\"datePublished\":\"2021-03-29T10:41:16+00:00\",\"dateModified\":\"2021-04-07T17:43:00+00:00\",\"breadcrumb\":{\"@id\":\"https:\/\/perfimur.com\/web\/fr\/sur-nous\/#breadcrumb\"},\"inLanguage\":\"es\",\"potentialAction\":[{\"@type\":\"ReadAction\",\"target\":[\"https:\/\/perfimur.com\/web\/fr\/sur-nous\/\"]}]},{\"@type\":\"BreadcrumbList\",\"@id\":\"https:\/\/perfimur.com\/web\/fr\/sur-nous\/#breadcrumb\",\"itemListElement\":[{\"@type\":\"ListItem\",\"position\":1,\"name\":\"Portada\",\"item\":\"https:\/\/perfimur.com\/web\/\"},{\"@type\":\"ListItem\",\"position\":2,\"name\":\"nous\"}]},{\"@type\":\"WebSite\",\"@id\":\"https:\/\/perfimur.com\/web\/#website\",\"url\":\"https:\/\/perfimur.com\/web\/\",\"name\":\"Perfimur\",\"description\":\"Perfiles Murcia\",\"potentialAction\":[{\"@type\":\"SearchAction\",\"target\":{\"@type\":\"EntryPoint\",\"urlTemplate\":\"https:\/\/perfimur.com\/web\/?s={search_term_string}\"},\"query-input\":{\"@type\":\"PropertyValueSpecification\",\"valueRequired\":true,\"valueName\":\"search_term_string\"}}],\"inLanguage\":\"es\"}]}<\/script>\n<!-- \/ Yoast SEO plugin. -->","yoast_head_json":{"title":"nous &#8211; Perfimur","robots":{"index":"index","follow":"follow","max-snippet":"max-snippet:-1","max-image-preview":"max-image-preview:large","max-video-preview":"max-video-preview:-1"},"canonical":"https:\/\/perfimur.com\/web\/fr\/sur-nous\/","og_locale":"es_ES","og_type":"article","og_title":"nous &#8211; Perfimur","og_description":"&nbsp; PERFIMUR est situ\u00e9e dans le parc industriel \"Los Pinos\", \u00e0 Las Torres de Cotillas (Murcie). Avec plus de 30.000 m2 d'installations, elle est aujourd'hui l'une des principales entreprises, gr\u00e2ce \u00e0 la qualit\u00e9, la pr\u00e9cision et la comp\u00e9titivit\u00e9 de ses produits utilis\u00e9s dans le secteur de la construction. Au cours de sa longue histoire, PERFIMUR [&hellip;]","og_url":"https:\/\/perfimur.com\/web\/fr\/sur-nous\/","og_site_name":"Perfimur","article_modified_time":"2021-04-07T17:43:00+00:00","twitter_card":"summary_large_image","twitter_misc":{"Tiempo de lectura":"4 minutos"},"schema":{"@context":"https:\/\/schema.org","@graph":[{"@type":"WebPage","@id":"https:\/\/perfimur.com\/web\/fr\/sur-nous\/","url":"https:\/\/perfimur.com\/web\/fr\/sur-nous\/","name":"nous &#8211; Perfimur","isPartOf":{"@id":"https:\/\/perfimur.com\/web\/#website"},"datePublished":"2021-03-29T10:41:16+00:00","dateModified":"2021-04-07T17:43:00+00:00","breadcrumb":{"@id":"https:\/\/perfimur.com\/web\/fr\/sur-nous\/#breadcrumb"},"inLanguage":"es","potentialAction":[{"@type":"ReadAction","target":["https:\/\/perfimur.com\/web\/fr\/sur-nous\/"]}]},{"@type":"BreadcrumbList","@id":"https:\/\/perfimur.com\/web\/fr\/sur-nous\/#breadcrumb","itemListElement":[{"@type":"ListItem","position":1,"name":"Portada","item":"https:\/\/perfimur.com\/web\/"},{"@type":"ListItem","position":2,"name":"nous"}]},{"@type":"WebSite","@id":"https:\/\/perfimur.com\/web\/#website","url":"https:\/\/perfimur.com\/web\/","name":"Perfimur","description":"Perfiles Murcia","potentialAction":[{"@type":"SearchAction","target":{"@type":"EntryPoint","urlTemplate":"https:\/\/perfimur.com\/web\/?s={search_term_string}"},"query-input":{"@type":"PropertyValueSpecification","valueRequired":true,"valueName":"search_term_string"}}],"inLanguage":"es"}]}},"_links":{"self":[{"href":"https:\/\/perfimur.com\/web\/wp-json\/wp\/v2\/pages\/726","targetHints":{"allow":["GET"]}}],"collection":[{"href":"https:\/\/perfimur.com\/web\/wp-json\/wp\/v2\/pages"}],"about":[{"href":"https:\/\/perfimur.com\/web\/wp-json\/wp\/v2\/types\/page"}],"author":[{"embeddable":true,"href":"https:\/\/perfimur.com\/web\/wp-json\/wp\/v2\/users\/1"}],"replies":[{"embeddable":true,"href":"https:\/\/perfimur.com\/web\/wp-json\/wp\/v2\/comments?post=726"}],"version-history":[{"count":4,"href":"https:\/\/perfimur.com\/web\/wp-json\/wp\/v2\/pages\/726\/revisions"}],"predecessor-version":[{"id":766,"href":"https:\/\/perfimur.com\/web\/wp-json\/wp\/v2\/pages\/726\/revisions\/766"}],"wp:attachment":[{"href":"https:\/\/perfimur.com\/web\/wp-json\/wp\/v2\/media?parent=726"}],"curies":[{"name":"wp","href":"https:\/\/api.w.org\/{rel}","templated":true}]}}